{"id":1314,"date":"2023-10-12T22:37:27","date_gmt":"2023-10-12T20:37:27","guid":{"rendered":"https:\/\/shakinproject.eu\/?page_id=1314"},"modified":"2023-10-25T16:02:49","modified_gmt":"2023-10-25T14:02:49","slug":"dugnad","status":"publish","type":"page","link":"https:\/\/shakinproject.eu\/index.php\/shakin-the-classroom\/methods-and-tools\/dugnad\/","title":{"rendered":"Dugnad"},"content":{"rendered":"[vc_row type=&#8221;in_container&#8221; full_screen_row_position=&#8221;middle&#8221; column_margin=&#8221;default&#8221; column_direction=&#8221;default&#8221; column_direction_tablet=&#8221;default&#8221; column_direction_phone=&#8221;default&#8221; scene_position=&#8221;center&#8221; text_color=&#8221;dark&#8221; text_align=&#8221;left&#8221; row_border_radius=&#8221;none&#8221; row_border_radius_applies=&#8221;bg&#8221; overflow=&#8221;visible&#8221; overlay_strength=&#8221;0.3&#8243; gradient_direction=&#8221;left_to_right&#8221; shape_divider_position=&#8221;bottom&#8221; bg_image_animation=&#8221;none&#8221;][vc_column column_padding=&#8221;padding-3-percent&#8221; column_padding_tablet=&#8221;inherit&#8221; column_padding_phone=&#8221;inherit&#8221; column_padding_position=&#8221;left-right&#8221; column_element_spacing=&#8221;default&#8221; background_color_opacity=&#8221;1&#8243; background_hover_color_opacity=&#8221;1&#8243; column_shadow=&#8221;none&#8221; column_border_radius=&#8221;none&#8221; column_link_target=&#8221;_self&#8221; column_position=&#8221;default&#8221; advanced_gradient_angle=&#8221;0&#8243; gradient_direction=&#8221;left_to_right&#8221; overlay_strength=&#8221;0.3&#8243; width=&#8221;1\/1&#8243; tablet_width_inherit=&#8221;default&#8221; tablet_text_alignment=&#8221;default&#8221; phone_text_alignment=&#8221;default&#8221; animation_type=&#8221;default&#8221; bg_image_animation=&#8221;none&#8221; border_type=&#8221;simple&#8221; column_border_width=&#8221;none&#8221; column_border_style=&#8221;solid&#8221; gradient_type=&#8221;default&#8221;][vc_column_text]\n<h2>Dugnad<\/h2>\n[\/vc_column_text][divider line_type=&#8221;No Line&#8221; custom_height=&#8221;12&#8243;][vc_column_text]\n<h5><em>Submitted by Milena \u0160e\u0161i\u0107, University of Arts Belgrade<\/em><\/h5>\n[\/vc_column_text][vc_column_text]<span style=\"font-weight: 400;\">Tags: <a href=\"https:\/\/shakinproject.eu\/index.php\/shakin-the-classroom\/ways-beyond\/contextual\/\">Contextual<\/a>, <a href=\"https:\/\/shakinproject.eu\/index.php\/shakin-the-classroom\/ways-beyond\/experience-based\/\">experience based<\/a><\/span>, <span style=\"font-weight: 400;\"><a href=\"https:\/\/shakinproject.eu\/index.php\/shakin-the-classroom\/ways-beyond\/collective\/\">collective<\/a>, <a href=\"https:\/\/shakinproject.eu\/index.php\/shakin-the-classroom\/ways-beyond\/commoning\/\">commoning<\/a><\/span>[\/vc_column_text][divider line_type=&#8221;No Line&#8221; custom_height=&#8221;24&#8243;][nectar_btn size=&#8221;medium&#8221; open_new_tab=&#8221;true&#8221; button_style=&#8221;regular&#8221; button_color_2=&#8221;Accent-Color&#8221; icon_family=&#8221;none&#8221; text=&#8221;Download Method Guide&#8221; url=&#8221;https:\/\/shakinproject.eu\/wp-content\/uploads\/2023\/10\/Dugnad.pdf&#8221;][\/vc_column][\/vc_row][vc_row type=&#8221;in_container&#8221; full_screen_row_position=&#8221;middle&#8221; column_margin=&#8221;default&#8221; column_direction=&#8221;default&#8221; column_direction_tablet=&#8221;default&#8221; column_direction_phone=&#8221;default&#8221; scene_position=&#8221;center&#8221; text_color=&#8221;dark&#8221; text_align=&#8221;left&#8221; row_border_radius=&#8221;none&#8221; row_border_radius_applies=&#8221;bg&#8221; overflow=&#8221;visible&#8221; overlay_strength=&#8221;0.3&#8243; gradient_direction=&#8221;left_to_right&#8221; shape_divider_position=&#8221;bottom&#8221; bg_image_animation=&#8221;none&#8221;][vc_column column_padding=&#8221;padding-3-percent&#8221; column_padding_tablet=&#8221;inherit&#8221; column_padding_phone=&#8221;inherit&#8221; column_padding_position=&#8221;left-right&#8221; column_element_spacing=&#8221;default&#8221; background_color_opacity=&#8221;1&#8243; background_hover_color_opacity=&#8221;1&#8243; column_shadow=&#8221;none&#8221; column_border_radius=&#8221;none&#8221; column_link_target=&#8221;_self&#8221; column_position=&#8221;default&#8221; advanced_gradient_angle=&#8221;0&#8243; gradient_direction=&#8221;left_to_right&#8221; overlay_strength=&#8221;0.3&#8243; width=&#8221;1\/1&#8243; tablet_width_inherit=&#8221;default&#8221; tablet_text_alignment=&#8221;default&#8221; phone_text_alignment=&#8221;default&#8221; animation_type=&#8221;default&#8221; bg_image_animation=&#8221;none&#8221; border_type=&#8221;simple&#8221; column_border_width=&#8221;none&#8221; column_border_style=&#8221;solid&#8221; gradient_type=&#8221;default&#8221;][vc_column_text]Dugnad (unpaid, voluntary, orchestrated community work) is part of a design thinking family of methods, and was created by Kaos Pilots from Denmark in order to give space for creative thinking and collaboration of each member of a team. This method gives opportunity to include neighbourhood inhabitants in elaboration processes of site-specific installations and services. The method has several phases of thinking about a space: exploration, conceptualisation, creation of a prototype or service, presentation in a plenary, recap of group analysis and evaluation.[\/vc_column_text][\/vc_column][\/vc_row][vc_row type=&#8221;in_container&#8221; full_screen_row_position=&#8221;middle&#8221; column_margin=&#8221;default&#8221; column_direction=&#8221;default&#8221; column_direction_tablet=&#8221;default&#8221; column_direction_phone=&#8221;default&#8221; scene_position=&#8221;center&#8221; text_color=&#8221;dark&#8221; text_align=&#8221;left&#8221; row_border_radius=&#8221;none&#8221; row_border_radius_applies=&#8221;bg&#8221; overflow=&#8221;visible&#8221; overlay_strength=&#8221;0.3&#8243; gradient_direction=&#8221;left_to_right&#8221; shape_divider_position=&#8221;bottom&#8221; bg_image_animation=&#8221;none&#8221;][vc_column column_padding=&#8221;padding-3-percent&#8221; column_padding_tablet=&#8221;inherit&#8221; column_padding_phone=&#8221;inherit&#8221; column_padding_position=&#8221;left-right&#8221; column_element_spacing=&#8221;default&#8221; background_color_opacity=&#8221;1&#8243; background_hover_color_opacity=&#8221;1&#8243; column_shadow=&#8221;none&#8221; column_border_radius=&#8221;none&#8221; column_link_target=&#8221;_self&#8221; column_position=&#8221;default&#8221; advanced_gradient_angle=&#8221;0&#8243; gradient_direction=&#8221;left_to_right&#8221; overlay_strength=&#8221;0.3&#8243; width=&#8221;1\/1&#8243; tablet_width_inherit=&#8221;default&#8221; tablet_text_alignment=&#8221;default&#8221; phone_text_alignment=&#8221;default&#8221; animation_type=&#8221;default&#8221; bg_image_animation=&#8221;none&#8221; border_type=&#8221;simple&#8221; column_border_width=&#8221;none&#8221; column_border_style=&#8221;solid&#8221; gradient_type=&#8221;default&#8221;][vc_column_text]\n<h4><strong>In which context was the method developed?<\/strong><\/h4>\n[\/vc_column_text][divider line_type=&#8221;No Line&#8221; custom_height=&#8221;24&#8243;][vc_column_text]This method is changed in every use by different persons and groups as it is easily adapted to different spaces\/cultures\/contexts and to teams that might be international, intergenerational, interracial, etc. comprising all sorts of differences but wanting to take advantages exactly in them.[\/vc_column_text][\/vc_column][\/vc_row][vc_row type=&#8221;in_container&#8221; full_screen_row_position=&#8221;middle&#8221; column_margin=&#8221;default&#8221; column_direction=&#8221;default&#8221; column_direction_tablet=&#8221;default&#8221; column_direction_phone=&#8221;default&#8221; scene_position=&#8221;center&#8221; text_color=&#8221;dark&#8221; text_align=&#8221;left&#8221; row_border_radius=&#8221;none&#8221; row_border_radius_applies=&#8221;bg&#8221; overflow=&#8221;visible&#8221; overlay_strength=&#8221;0.3&#8243; gradient_direction=&#8221;left_to_right&#8221; shape_divider_position=&#8221;bottom&#8221; bg_image_animation=&#8221;none&#8221;][vc_column column_padding=&#8221;padding-3-percent&#8221; column_padding_tablet=&#8221;inherit&#8221; column_padding_phone=&#8221;inherit&#8221; column_padding_position=&#8221;left-right&#8221; column_element_spacing=&#8221;default&#8221; background_color_opacity=&#8221;1&#8243; background_hover_color_opacity=&#8221;1&#8243; column_shadow=&#8221;none&#8221; column_border_radius=&#8221;none&#8221; column_link_target=&#8221;_self&#8221; column_position=&#8221;default&#8221; advanced_gradient_angle=&#8221;0&#8243; gradient_direction=&#8221;left_to_right&#8221; overlay_strength=&#8221;0.3&#8243; width=&#8221;1\/1&#8243; tablet_width_inherit=&#8221;default&#8221; tablet_text_alignment=&#8221;default&#8221; phone_text_alignment=&#8221;default&#8221; animation_type=&#8221;default&#8221; bg_image_animation=&#8221;none&#8221; border_type=&#8221;simple&#8221; column_border_width=&#8221;none&#8221; column_border_style=&#8221;solid&#8221; gradient_type=&#8221;default&#8221;][vc_column_text]\n<h4><strong>Settings and participants the method is best suited for<\/strong><\/h4>\n[\/vc_column_text][divider line_type=&#8221;No Line&#8221; custom_height=&#8221;24&#8243;][vc_column_text]This method might be used by participants of different educational level as everyone might offer their expertise to be functional and instrumental for the site-specific installation or service solution in an urban context.[\/vc_column_text][\/vc_column][\/vc_row][vc_row type=&#8221;in_container&#8221; full_screen_row_position=&#8221;middle&#8221; column_margin=&#8221;default&#8221; column_direction=&#8221;default&#8221; column_direction_tablet=&#8221;default&#8221; column_direction_phone=&#8221;default&#8221; scene_position=&#8221;center&#8221; text_color=&#8221;dark&#8221; text_align=&#8221;left&#8221; row_border_radius=&#8221;none&#8221; row_border_radius_applies=&#8221;bg&#8221; overflow=&#8221;visible&#8221; overlay_strength=&#8221;0.3&#8243; gradient_direction=&#8221;left_to_right&#8221; shape_divider_position=&#8221;bottom&#8221; bg_image_animation=&#8221;none&#8221;][vc_column column_padding=&#8221;padding-3-percent&#8221; column_padding_tablet=&#8221;inherit&#8221; column_padding_phone=&#8221;inherit&#8221; column_padding_position=&#8221;left-right&#8221; column_element_spacing=&#8221;default&#8221; background_color_opacity=&#8221;1&#8243; background_hover_color_opacity=&#8221;1&#8243; column_shadow=&#8221;none&#8221; column_border_radius=&#8221;none&#8221; column_link_target=&#8221;_self&#8221; column_position=&#8221;default&#8221; advanced_gradient_angle=&#8221;0&#8243; gradient_direction=&#8221;left_to_right&#8221; overlay_strength=&#8221;0.3&#8243; width=&#8221;1\/1&#8243; tablet_width_inherit=&#8221;default&#8221; tablet_text_alignment=&#8221;default&#8221; phone_text_alignment=&#8221;default&#8221; animation_type=&#8221;default&#8221; bg_image_animation=&#8221;none&#8221; border_type=&#8221;simple&#8221; column_border_width=&#8221;none&#8221; column_border_style=&#8221;solid&#8221; gradient_type=&#8221;default&#8221;][vc_column_text]\n<h4><strong>Limitations<\/strong><\/h4>\n[\/vc_column_text][divider line_type=&#8221;No Line&#8221; custom_height=&#8221;24&#8243;][vc_column_text]There are no specific limitations if you do not want to use it as a competitive \u201cgame\u201d among different teams in the training programme. But from our perspective to stimulate subaltern knowledge to be shared, time limits should not be severe. It might be realised within two to six hours or even a whole day if we really want to achieve participation of subaltern group and individuals, exploration and team reflection and debate. Time limits usually serve to identify the most capable, efficient and intelligent group with effective leadership that produced product or service that can be easily accepted (fitting the usual standards and norms). Thus, in the work with subaltern communities, competitivity among groups and any kind of constraints should be avoided.[\/vc_column_text][\/vc_column][\/vc_row][vc_row type=&#8221;in_container&#8221; full_screen_row_position=&#8221;middle&#8221; column_margin=&#8221;default&#8221; column_direction=&#8221;default&#8221; column_direction_tablet=&#8221;default&#8221; column_direction_phone=&#8221;default&#8221; scene_position=&#8221;center&#8221; text_color=&#8221;dark&#8221; text_align=&#8221;left&#8221; row_border_radius=&#8221;none&#8221; row_border_radius_applies=&#8221;bg&#8221; overflow=&#8221;visible&#8221; overlay_strength=&#8221;0.3&#8243; gradient_direction=&#8221;left_to_right&#8221; shape_divider_position=&#8221;bottom&#8221; bg_image_animation=&#8221;none&#8221;][vc_column column_padding=&#8221;padding-3-percent&#8221; column_padding_tablet=&#8221;inherit&#8221; column_padding_phone=&#8221;inherit&#8221; column_padding_position=&#8221;left-right&#8221; column_element_spacing=&#8221;default&#8221; background_color_opacity=&#8221;1&#8243; background_hover_color_opacity=&#8221;1&#8243; column_shadow=&#8221;none&#8221; column_border_radius=&#8221;none&#8221; column_link_target=&#8221;_self&#8221; column_position=&#8221;default&#8221; advanced_gradient_angle=&#8221;0&#8243; gradient_direction=&#8221;left_to_right&#8221; overlay_strength=&#8221;0.3&#8243; width=&#8221;1\/1&#8243; tablet_width_inherit=&#8221;default&#8221; tablet_text_alignment=&#8221;default&#8221; phone_text_alignment=&#8221;default&#8221; animation_type=&#8221;default&#8221; bg_image_animation=&#8221;none&#8221; border_type=&#8221;simple&#8221; column_border_width=&#8221;none&#8221; column_border_style=&#8221;solid&#8221; gradient_type=&#8221;default&#8221;][vc_column_text]\n<h4><strong>Experiences with the method<\/strong><\/h4>\n[\/vc_column_text][divider line_type=&#8221;No Line&#8221; custom_height=&#8221;24&#8243;][vc_column_text]I have applied this method in many different environments, during capacity building and training programmes. Each time I would adapt it according to the seminar aims and values, but also according to the needs of the training group. Changes comprised time and number of teams as well as different ways of presenting the results of the process. Sometimes process was more research oriented, sometimes more oriented toward negotiating the concept of possible future project, and sometimes was very concrete, demanding project to be done at least as a model.[\/vc_column_text][\/vc_column][\/vc_row][vc_row type=&#8221;in_container&#8221; full_screen_row_position=&#8221;middle&#8221; column_margin=&#8221;default&#8221; column_direction=&#8221;default&#8221; column_direction_tablet=&#8221;default&#8221; column_direction_phone=&#8221;default&#8221; scene_position=&#8221;center&#8221; text_color=&#8221;dark&#8221; text_align=&#8221;left&#8221; row_border_radius=&#8221;none&#8221; row_border_radius_applies=&#8221;bg&#8221; overflow=&#8221;visible&#8221; overlay_strength=&#8221;0.3&#8243; gradient_direction=&#8221;left_to_right&#8221; shape_divider_position=&#8221;bottom&#8221; bg_image_animation=&#8221;none&#8221;][vc_column column_padding=&#8221;padding-3-percent&#8221; column_padding_tablet=&#8221;inherit&#8221; column_padding_phone=&#8221;inherit&#8221; column_padding_position=&#8221;left-right&#8221; column_element_spacing=&#8221;default&#8221; background_color_opacity=&#8221;1&#8243; background_hover_color_opacity=&#8221;1&#8243; column_shadow=&#8221;none&#8221; column_border_radius=&#8221;none&#8221; column_link_target=&#8221;_self&#8221; column_position=&#8221;default&#8221; advanced_gradient_angle=&#8221;0&#8243; gradient_direction=&#8221;left_to_right&#8221; overlay_strength=&#8221;0.3&#8243; width=&#8221;1\/1&#8243; tablet_width_inherit=&#8221;default&#8221; tablet_text_alignment=&#8221;default&#8221; phone_text_alignment=&#8221;default&#8221; animation_type=&#8221;default&#8221; bg_image_animation=&#8221;none&#8221; border_type=&#8221;simple&#8221; column_border_width=&#8221;none&#8221; column_border_style=&#8221;solid&#8221; gradient_type=&#8221;default&#8221;][vc_column_text]\n<h4><strong>Additional references<\/strong><\/h4>\n[\/vc_column_text][divider line_type=&#8221;No Line&#8221; custom_height=&#8221;24&#8243;][vc_column_text]https:\/\/www.bbc.com\/worklife\/article\/20180521-how-dugnad-shaped-a-nations-work-ethic https:\/\/nationalism-studies.sps.ed.ac.uk\/2020\/11\/18\/let-them-do-dugnad-the-fallacies-of-the-nor wegian-governments-nationalist-rhetoric-during-covid-19\/<br \/>\nMarte Lange Vik: Dugnad as a democratic landscape practice:<br \/>\n<a href=\"http:\/\/www.pecsrl.org\/PECSRL_2014_Conference_Book.pdf\">http:\/\/www.pecsrl.org\/PECSRL_2014_Conference_Book.pdf<\/a>[\/vc_column_text][\/vc_column][\/vc_row]\n","protected":false},"excerpt":{"rendered":"<p>Dugnad method (unpaid, voluntary, orchestrated community work) is part of a design thinking family of methods.<\/p>\n","protected":false},"author":6,"featured_media":0,"parent":753,"menu_order":9,"comment_status":"closed","ping_status":"closed","template":"","meta":{"footnotes":""},"categories":[12,16,15,17],"tags":[],"class_list":{"0":"post-1314","1":"page","2":"type-page","3":"status-publish","5":"category-collective","6":"category-commoning","7":"category-contextual","8":"category-experience-based"},"yoast_head":"<!-- This site is optimized with the Yoast SEO plugin v21.3 - https:\/\/yoast.com\/wordpress\/plugins\/seo\/ -->\n<title>Dugnad - SHAKIN&#039;<\/title>\n<meta name=\"description\" content=\"Dugnad method (unpaid, voluntary, orchestrated community work) is part of a design thinking family of methods.\" \/>\n<meta name=\"robots\" content=\"index, follow, max-snippet:-1, max-image-preview:large, max-video-preview:-1\" \/>\n<link rel=\"canonical\" href=\"https:\/\/shakinproject.eu\/index.php\/shakin-the-classroom\/methods-and-tools\/dugnad\/\" \/>\n<meta property=\"og:locale\" content=\"en_US\" \/>\n<meta property=\"og:type\" content=\"article\" \/>\n<meta property=\"og:title\" content=\"Dugnad - SHAKIN&#039;\" \/>\n<meta property=\"og:description\" content=\"Dugnad method (unpaid, voluntary, orchestrated community work) is part of a design thinking family of methods.\" \/>\n<meta property=\"og:url\" content=\"https:\/\/shakinproject.eu\/index.php\/shakin-the-classroom\/methods-and-tools\/dugnad\/\" \/>\n<meta property=\"og:site_name\" content=\"SHAKIN&#039;\" \/>\n<meta property=\"article:modified_time\" content=\"2023-10-25T14:02:49+00:00\" \/>\n<meta property=\"og:image\" content=\"https:\/\/shakinproject.eu\/wp-content\/uploads\/2022\/06\/shakin-background.jpg\" \/>\n\t<meta property=\"og:image:width\" content=\"1778\" \/>\n\t<meta property=\"og:image:height\" content=\"1000\" \/>\n\t<meta property=\"og:image:type\" content=\"image\/jpeg\" \/>\n<meta name=\"twitter:card\" content=\"summary_large_image\" \/>\n<meta name=\"twitter:label1\" content=\"Est. reading time\" \/>\n\t<meta name=\"twitter:data1\" content=\"4 minutes\" \/>\n<script type=\"application\/ld+json\" class=\"yoast-schema-graph\">{\"@context\":\"https:\/\/schema.org\",\"@graph\":[{\"@type\":\"WebPage\",\"@id\":\"https:\/\/shakinproject.eu\/index.php\/shakin-the-classroom\/methods-and-tools\/dugnad\/\",\"url\":\"https:\/\/shakinproject.eu\/index.php\/shakin-the-classroom\/methods-and-tools\/dugnad\/\",\"name\":\"Dugnad - SHAKIN&#039;\",\"isPartOf\":{\"@id\":\"https:\/\/shakinproject.eu\/#website\"},\"datePublished\":\"2023-10-12T20:37:27+00:00\",\"dateModified\":\"2023-10-25T14:02:49+00:00\",\"description\":\"Dugnad method (unpaid, voluntary, orchestrated community work) is part of a design thinking family of methods.\",\"breadcrumb\":{\"@id\":\"https:\/\/shakinproject.eu\/index.php\/shakin-the-classroom\/methods-and-tools\/dugnad\/#breadcrumb\"},\"inLanguage\":\"en-US\",\"potentialAction\":[{\"@type\":\"ReadAction\",\"target\":[\"https:\/\/shakinproject.eu\/index.php\/shakin-the-classroom\/methods-and-tools\/dugnad\/\"]}]},{\"@type\":\"BreadcrumbList\",\"@id\":\"https:\/\/shakinproject.eu\/index.php\/shakin-the-classroom\/methods-and-tools\/dugnad\/#breadcrumb\",\"itemListElement\":[{\"@type\":\"ListItem\",\"position\":1,\"name\":\"Accueil\",\"item\":\"https:\/\/shakinproject.eu\/\"},{\"@type\":\"ListItem\",\"position\":2,\"name\":\"Shakin&rsquo; the Classroom\",\"item\":\"https:\/\/shakinproject.eu\/index.php\/shakin-the-classroom\/\"},{\"@type\":\"ListItem\",\"position\":3,\"name\":\"Methods and Tools\",\"item\":\"https:\/\/shakinproject.eu\/index.php\/shakin-the-classroom\/methods-and-tools\/\"},{\"@type\":\"ListItem\",\"position\":4,\"name\":\"Dugnad\"}]},{\"@type\":\"WebSite\",\"@id\":\"https:\/\/shakinproject.eu\/#website\",\"url\":\"https:\/\/shakinproject.eu\/\",\"name\":\"SHAKIN'\",\"description\":\"Sharing subaltern knowledge through and for international cultural collaborations\",\"publisher\":{\"@id\":\"https:\/\/shakinproject.eu\/#organization\"},\"alternateName\":\"Sharing subaltern knowledge through international cultural collaborations\",\"potentialAction\":[{\"@type\":\"SearchAction\",\"target\":{\"@type\":\"EntryPoint\",\"urlTemplate\":\"https:\/\/shakinproject.eu\/?s={search_term_string}\"},\"query-input\":\"required name=search_term_string\"}],\"inLanguage\":\"en-US\"},{\"@type\":\"Organization\",\"@id\":\"https:\/\/shakinproject.eu\/#organization\",\"name\":\"SHAKIN'\",\"alternateName\":\"Sharing subaltern knowledge through international cultural collaborations\",\"url\":\"https:\/\/shakinproject.eu\/\",\"logo\":{\"@type\":\"ImageObject\",\"inLanguage\":\"en-US\",\"@id\":\"https:\/\/shakinproject.eu\/#\/schema\/logo\/image\/\",\"url\":\"https:\/\/shakinproject.eu\/wp-content\/uploads\/2022\/06\/shakin_logo-wide100px.png\",\"contentUrl\":\"https:\/\/shakinproject.eu\/wp-content\/uploads\/2022\/06\/shakin_logo-wide100px.png\",\"width\":296,\"height\":100,\"caption\":\"SHAKIN'\"},\"image\":{\"@id\":\"https:\/\/shakinproject.eu\/#\/schema\/logo\/image\/\"}}]}<\/script>\n<!-- \/ Yoast SEO plugin. -->","yoast_head_json":{"title":"Dugnad - SHAKIN&#039;","description":"Dugnad method (unpaid, voluntary, orchestrated community work) is part of a design thinking family of methods.","robots":{"index":"index","follow":"follow","max-snippet":"max-snippet:-1","max-image-preview":"max-image-preview:large","max-video-preview":"max-video-preview:-1"},"canonical":"https:\/\/shakinproject.eu\/index.php\/shakin-the-classroom\/methods-and-tools\/dugnad\/","og_locale":"en_US","og_type":"article","og_title":"Dugnad - SHAKIN&#039;","og_description":"Dugnad method (unpaid, voluntary, orchestrated community work) is part of a design thinking family of methods.","og_url":"https:\/\/shakinproject.eu\/index.php\/shakin-the-classroom\/methods-and-tools\/dugnad\/","og_site_name":"SHAKIN&#039;","article_modified_time":"2023-10-25T14:02:49+00:00","og_image":[{"width":1778,"height":1000,"url":"https:\/\/shakinproject.eu\/wp-content\/uploads\/2022\/06\/shakin-background.jpg","type":"image\/jpeg"}],"twitter_card":"summary_large_image","twitter_misc":{"Est. reading time":"4 minutes"},"schema":{"@context":"https:\/\/schema.org","@graph":[{"@type":"WebPage","@id":"https:\/\/shakinproject.eu\/index.php\/shakin-the-classroom\/methods-and-tools\/dugnad\/","url":"https:\/\/shakinproject.eu\/index.php\/shakin-the-classroom\/methods-and-tools\/dugnad\/","name":"Dugnad - SHAKIN&#039;","isPartOf":{"@id":"https:\/\/shakinproject.eu\/#website"},"datePublished":"2023-10-12T20:37:27+00:00","dateModified":"2023-10-25T14:02:49+00:00","description":"Dugnad method (unpaid, voluntary, orchestrated community work) is part of a design thinking family of methods.","breadcrumb":{"@id":"https:\/\/shakinproject.eu\/index.php\/shakin-the-classroom\/methods-and-tools\/dugnad\/#breadcrumb"},"inLanguage":"en-US","potentialAction":[{"@type":"ReadAction","target":["https:\/\/shakinproject.eu\/index.php\/shakin-the-classroom\/methods-and-tools\/dugnad\/"]}]},{"@type":"BreadcrumbList","@id":"https:\/\/shakinproject.eu\/index.php\/shakin-the-classroom\/methods-and-tools\/dugnad\/#breadcrumb","itemListElement":[{"@type":"ListItem","position":1,"name":"Accueil","item":"https:\/\/shakinproject.eu\/"},{"@type":"ListItem","position":2,"name":"Shakin&rsquo; the Classroom","item":"https:\/\/shakinproject.eu\/index.php\/shakin-the-classroom\/"},{"@type":"ListItem","position":3,"name":"Methods and Tools","item":"https:\/\/shakinproject.eu\/index.php\/shakin-the-classroom\/methods-and-tools\/"},{"@type":"ListItem","position":4,"name":"Dugnad"}]},{"@type":"WebSite","@id":"https:\/\/shakinproject.eu\/#website","url":"https:\/\/shakinproject.eu\/","name":"SHAKIN'","description":"Sharing subaltern knowledge through and for international cultural collaborations","publisher":{"@id":"https:\/\/shakinproject.eu\/#organization"},"alternateName":"Sharing subaltern knowledge through international cultural collaborations","potentialAction":[{"@type":"SearchAction","target":{"@type":"EntryPoint","urlTemplate":"https:\/\/shakinproject.eu\/?s={search_term_string}"},"query-input":"required name=search_term_string"}],"inLanguage":"en-US"},{"@type":"Organization","@id":"https:\/\/shakinproject.eu\/#organization","name":"SHAKIN'","alternateName":"Sharing subaltern knowledge through international cultural collaborations","url":"https:\/\/shakinproject.eu\/","logo":{"@type":"ImageObject","inLanguage":"en-US","@id":"https:\/\/shakinproject.eu\/#\/schema\/logo\/image\/","url":"https:\/\/shakinproject.eu\/wp-content\/uploads\/2022\/06\/shakin_logo-wide100px.png","contentUrl":"https:\/\/shakinproject.eu\/wp-content\/uploads\/2022\/06\/shakin_logo-wide100px.png","width":296,"height":100,"caption":"SHAKIN'"},"image":{"@id":"https:\/\/shakinproject.eu\/#\/schema\/logo\/image\/"}}]}},"_links":{"self":[{"href":"https:\/\/shakinproject.eu\/index.php\/wp-json\/wp\/v2\/pages\/1314","targetHints":{"allow":["GET"]}}],"collection":[{"href":"https:\/\/shakinproject.eu\/index.php\/wp-json\/wp\/v2\/pages"}],"about":[{"href":"https:\/\/shakinproject.eu\/index.php\/wp-json\/wp\/v2\/types\/page"}],"author":[{"embeddable":true,"href":"https:\/\/shakinproject.eu\/index.php\/wp-json\/wp\/v2\/users\/6"}],"replies":[{"embeddable":true,"href":"https:\/\/shakinproject.eu\/index.php\/wp-json\/wp\/v2\/comments?post=1314"}],"version-history":[{"count":8,"href":"https:\/\/shakinproject.eu\/index.php\/wp-json\/wp\/v2\/pages\/1314\/revisions"}],"predecessor-version":[{"id":1821,"href":"https:\/\/shakinproject.eu\/index.php\/wp-json\/wp\/v2\/pages\/1314\/revisions\/1821"}],"up":[{"embeddable":true,"href":"https:\/\/shakinproject.eu\/index.php\/wp-json\/wp\/v2\/pages\/753"}],"wp:attachment":[{"href":"https:\/\/shakinproject.eu\/index.php\/wp-json\/wp\/v2\/media?parent=1314"}],"wp:term":[{"taxonomy":"category","embeddable":true,"href":"https:\/\/shakinproject.eu\/index.php\/wp-json\/wp\/v2\/categories?post=1314"},{"taxonomy":"post_tag","embeddable":true,"href":"https:\/\/shakinproject.eu\/index.php\/wp-json\/wp\/v2\/tags?post=1314"}],"curies":[{"name":"wp","href":"https:\/\/api.w.org\/{rel}","templated":true}]}}